{"id":2,"date":"2026-01-30T04:11:05","date_gmt":"2026-01-30T03:11:05","guid":{"rendered":"http:\/\/pranpiew.fr\/?page_id=2"},"modified":"2026-02-02T13:12:03","modified_gmt":"2026-02-02T12:12:03","slug":"page-d-exemple","status":"publish","type":"page","link":"https:\/\/www.pranpiew.fr\/index.php\/page-d-exemple\/","title":{"rendered":"Nou kontan w\u00e8w"},"content":{"rendered":"\n<p class=\"has-text-align-center has-light-green-cyan-background-color has-background\">Bienvenue sur le site<\/p>\n\n\n\n<div class=\"wp-block-group is-content-justification-right is-layout-constrained wp-container-core-group-is-layout-f1f2ed93 wp-block-group-is-layout-constrained\">\n<p class=\"has-text-align-center has-light-green-cyan-background-color has-background\">de l&rsquo;association Pran Pi\u00e9&rsquo;w<\/p>\n\n\n\n<div class=\"wp-block-group is-layout-constrained wp-block-group-is-layout-constrained\">\n<p class=\"has-text-align-center has-vivid-red-color has-luminous-vivid-amber-background-color has-text-color has-background has-link-color wp-elements-a95589dda1122d5e68e962189f76237d\">(Nou Enmen Travay Sp\u00f2 \u00e9pi Mizik)<\/p>\n<\/div>\n<\/div>\n\n\n\n<p class=\"has-text-align-center\">0696 2 4 8 1 9 7 <\/p>\n\n\n\n<p class=\"has-text-align-center\"><\/p>\n\n\n\n<p>L\u2019association Pran Pi\u00e9\u2019w a pour but de r\u00e9unir des gens de 0 \u00e0 117ans, valides ou non-valides, \u2026,<br>rouges, jaunes, noirs, blancs, vert, bleus,<br>pour passer un agr\u00e9able moment, faire du sport, s\u2019amuser, se faire des petites randonn\u00e9es, des sorties-plage, des piscine-partie, des soir\u00e9es\u2026<\/p>\n\n\n\n<p>SUPER OFFRE: CARTE DE MEMBRE OFFERTE AUX TRENTE PREMIERS INT\u00c9RESS\u00c9S<\/p>\n\n\n\n<p>Tous les Mardis et Vendredis 18h30 sur la place de Schoelcher: Basket, Volley and Badminton Time (Le sw\u00e9 est gratuit \u00e9videmment)<\/p>\n\n\n\n<p>\u00c7a c&rsquo;\u00e9tait le Dimanche 25 Janvier 2026&#8230; Le karaok\u00e9 chez SOV\u00c9D\u00c9ZO<\/p>\n\n\n\n<figure class=\"wp-block-image size-large\"><img loading=\"lazy\" decoding=\"async\" width=\"768\" height=\"1024\" src=\"https:\/\/www.pranpiew.fr\/wp-content\/uploads\/2026\/01\/IMG_0246-1-768x1024.jpg\" alt=\"\" class=\"wp-image-102\" srcset=\"https:\/\/www.pranpiew.fr\/wp-content\/uploads\/2026\/01\/IMG_0246-1-768x1024.jpg 768w, https:\/\/www.pranpiew.fr\/wp-content\/uploads\/2026\/01\/IMG_0246-1-225x300.jpg 225w, https:\/\/www.pranpiew.fr\/wp-content\/uploads\/2026\/01\/IMG_0246-1-1152x1536.jpg 1152w, https:\/\/www.pranpiew.fr\/wp-content\/uploads\/2026\/01\/IMG_0246-1-1536x2048.jpg 1536w, https:\/\/www.pranpiew.fr\/wp-content\/uploads\/2026\/01\/IMG_0246-1-scaled.jpg 1920w\" sizes=\"auto, (max-width: 768px) 100vw, 768px\" \/><figcaption class=\"wp-element-caption\">Journ\u00e9e Karaok\u00e9 &#8211; D\u00e9tente chez SOV\u00c9D\u00c9ZO le Dim 25 Jan 2026<\/figcaption><\/figure>\n\n\n\n<p>\u00c0 venir:<\/p>\n\n\n\n<p><\/p>\n\n\n\n<figure class=\"wp-block-image size-large\"><img loading=\"lazy\" decoding=\"async\" width=\"576\" height=\"1024\" src=\"https:\/\/www.pranpiew.fr\/wp-content\/uploads\/2026\/01\/96EAB491-B18C-4F45-8433-36CDDFDD7342_1_102_o-576x1024.jpeg\" alt=\"\" class=\"wp-image-113\" srcset=\"https:\/\/www.pranpiew.fr\/wp-content\/uploads\/2026\/01\/96EAB491-B18C-4F45-8433-36CDDFDD7342_1_102_o-576x1024.jpeg 576w, https:\/\/www.pranpiew.fr\/wp-content\/uploads\/2026\/01\/96EAB491-B18C-4F45-8433-36CDDFDD7342_1_102_o-169x300.jpeg 169w, https:\/\/www.pranpiew.fr\/wp-content\/uploads\/2026\/01\/96EAB491-B18C-4F45-8433-36CDDFDD7342_1_102_o-768x1365.jpeg 768w, https:\/\/www.pranpiew.fr\/wp-content\/uploads\/2026\/01\/96EAB491-B18C-4F45-8433-36CDDFDD7342_1_102_o-864x1536.jpeg 864w, https:\/\/www.pranpiew.fr\/wp-content\/uploads\/2026\/01\/96EAB491-B18C-4F45-8433-36CDDFDD7342_1_102_o.jpeg 1080w\" sizes=\"auto, (max-width: 576px) 100vw, 576px\" \/><\/figure>\n\n\n\n<p>Dim 1er F\u00e9v: Rando-Rivi\u00e8re \u00e0 Didier<\/p>\n\n\n\n<p><\/p>\n\n\n\n<div class=\"wp-block-group is-vertical is-content-justification-center is-layout-flex wp-container-core-group-is-layout-ce155fab wp-block-group-is-layout-flex\">\n<div class=\"wp-block-media-text alignfull is-stacked-on-mobile is-image-fill-element\"><figure class=\"wp-block-media-text__media\"><img loading=\"lazy\" decoding=\"async\" width=\"225\" height=\"300\" src=\"https:\/\/www.pranpiew.fr\/wp-content\/uploads\/2026\/01\/TS221224_3-1-225x300.jpeg\" alt=\"\" class=\"wp-image-78 size-medium\" style=\"object-position:50% 50%\" srcset=\"https:\/\/www.pranpiew.fr\/wp-content\/uploads\/2026\/01\/TS221224_3-1-225x300.jpeg 225w, https:\/\/www.pranpiew.fr\/wp-content\/uploads\/2026\/01\/TS221224_3-1-768x1024.jpeg 768w, https:\/\/www.pranpiew.fr\/wp-content\/uploads\/2026\/01\/TS221224_3-1.jpeg 780w\" sizes=\"auto, (max-width: 225px) 100vw, 225px\" \/><\/figure><div class=\"wp-block-media-text__content\">\n<p>Le comit\u00e9 d&rsquo;accueil pour le Dim 8 F\u00e9v 2026<\/p>\n<\/div><\/div>\n<\/div>\n\n\n\n<div class=\"wp-block-columns is-layout-flex wp-container-core-columns-is-layout-28f84493 wp-block-columns-is-layout-flex\">\n<div class=\"wp-block-column is-layout-flow wp-block-column-is-layout-flow\" style=\"flex-basis:100%\">\n<p><\/p>\n<\/div>\n<\/div>\n\n\n\n<p>Ce Dimanche 8 F\u00e9vrier 2026<br>Sortie-Plage au Diamant<br>Am\u00e8ne ta boisson<br>La participation est de 15\u20ac par personne. (10\u20ac pour les membres)<br>(Repas + Ambiance inclus).<br>Nous vous attendons et comptons sur vous<br>Se lister obligatoirement avant Samedi 7 F\u00e9vrier midi au 0696 2.4.8.1.9.7 Oliv J. \u00e0 votre disposition<\/p>\n\n\n\n<p>Ce Mardi 17 F\u00e9vrier 2026<br>Rdv au Centre-Ville pour assister \u00e0 la parade du Mardi Gras<br>(Heure et Lieu \u00e0 d\u00e9finir)<\/p>\n\n\n\n<p>Ce Dimanche 22 F\u00e9vrier 2026<br>A DEFINIR<br>Se lister obligatoirement avant Samedi 21 F\u00e9vrier midi au 0696 2.4.8.1.9.7 Oliv J. \u00e0 votre disposition.<\/p>\n\n\n\n<p>Ce Dimanche 1er Mars 2026<br>A DEFINIR<br>Se lister obligatoirement avant Samedi 28 F\u00e9vrier midi au 0696 2.4.8.1.9.7 Oliv J. \u00e0 votre disposition.<\/p>\n\n\n\n<p>Ce Dimanche 8 Mars 2026 (27e anniversaire de la cr\u00e9ation de l\u2019association)<br>Sortie-Plage aux Salines<br>Am\u00e8ne ta boisson<br>La participation est de 15\u20ac par personne. (10\u20ac pour les membres)<br>(Repas + Ambiance inclus).<br>Je vous attends et je compte sur vous<br>Se lister obligatoirement avant Samedi 7 Mars midi au 0696 2.4.8.1.9.7 Oliv J. \u00e0 votre disposition.<\/p>\n\n\n\n<p class=\"has-medium-font-size\">Ce Dimanche 15 Mars 2026<br>Jet-ski (S\u00fbrement aux 3-ilets)<\/p>\n","protected":false},"excerpt":{"rendered":"<p>Bienvenue sur le site de l&rsquo;association Pran Pi\u00e9&rsquo;w (Nou Enmen Travay Sp\u00f2 \u00e9pi Mizik) 0696 2 4 8 1 9 7 L\u2019association Pran Pi\u00e9\u2019w a pour but de r\u00e9unir des gens de 0 \u00e0 117ans, valides ou non-valides, \u2026,rouges, jaunes, noirs, blancs, vert, bleus,pour passer un agr\u00e9able moment, faire du sport, s\u2019amuser, se faire des [&hellip;]<\/p>\n","protected":false},"author":1,"featured_media":78,"parent":0,"menu_order":0,"comment_status":"closed","ping_status":"closed","template":"","meta":{"footnotes":""},"class_list":["post-2","page","type-page","status-publish","has-post-thumbnail","hentry"],"_links":{"self":[{"href":"https:\/\/www.pranpiew.fr\/index.php\/wp-json\/wp\/v2\/pages\/2","targetHints":{"allow":["GET"]}}],"collection":[{"href":"https:\/\/www.pranpiew.fr\/index.php\/wp-json\/wp\/v2\/pages"}],"about":[{"href":"https:\/\/www.pranpiew.fr\/index.php\/wp-json\/wp\/v2\/types\/page"}],"author":[{"embeddable":true,"href":"https:\/\/www.pranpiew.fr\/index.php\/wp-json\/wp\/v2\/users\/1"}],"replies":[{"embeddable":true,"href":"https:\/\/www.pranpiew.fr\/index.php\/wp-json\/wp\/v2\/comments?post=2"}],"version-history":[{"count":42,"href":"https:\/\/www.pranpiew.fr\/index.php\/wp-json\/wp\/v2\/pages\/2\/revisions"}],"predecessor-version":[{"id":120,"href":"https:\/\/www.pranpiew.fr\/index.php\/wp-json\/wp\/v2\/pages\/2\/revisions\/120"}],"wp:featuredmedia":[{"embeddable":true,"href":"https:\/\/www.pranpiew.fr\/index.php\/wp-json\/wp\/v2\/media\/78"}],"wp:attachment":[{"href":"https:\/\/www.pranpiew.fr\/index.php\/wp-json\/wp\/v2\/media?parent=2"}],"curies":[{"name":"wp","href":"https:\/\/api.w.org\/{rel}","templated":true}]}}